{"id":33373,"date":"2023-01-26T10:02:35","date_gmt":"2023-01-26T10:02:35","guid":{"rendered":"http:\/\/archiv.szolnoktv.hu\/?page_id=33373"},"modified":"2023-01-26T10:08:00","modified_gmt":"2023-01-26T10:08:00","slug":"elo-adas","status":"publish","type":"page","link":"http:\/\/archiv.szolnoktv.hu\/?page_id=33373","title":{"rendered":"\u00c9l\u0151 ad\u00e1s"},"content":{"rendered":"\t\t\t\t\t<div style=\"width: 100%;padding-bottom: 56.25%;position: relative;\" class=\"\" >\r\n\t\t\t\t\t<div id=\"bradmax-player-69f39a131a7f4\" style=\"position: absolute;top: 0; bottom: 0; left: 0; right: 0;\"><\/div>\r\n\t\t\t\t<\/div>\r\n\t<script type=\"text\/javascript\">\r\n\t\tfunction bradmaxPlayerInit_69f39a131a7f4() {\r\n\t\t\tvar bradmaxPlayerConfig_69f39a131a7f4 = {\"dataProvider\":{\"source\":[{\"url\":\"https:\\\/\\\/cloudfront44.lexanetwork.com:1344\\\/relay01\\\/livestream004.sdp\\\/playlist.m3u8\"}],\"duration\":0,\"splashImages\":[{\"url\":\"http:\\\/\\\/archiv.szolnoktv.hu\\\/wp-content\\\/uploads\\\/2021\\\/07\\\/sztv_logo-1024x576.png\"}]}};\r\n\t\t\tvar element = document.getElementById(\"bradmax-player-69f39a131a7f4\");\r\n\t\t\tvar player = window.bradmax.player.create(element, bradmaxPlayerConfig_69f39a131a7f4);\r\n\t\t\t\/\/ Back compability.\r\n\t\t\tif(!window.player) {\r\n\t\t\t\twindow.player = player;\r\n\t\t\t}\r\n\t\t}\r\n\t\tif(window.bradmax && window.bradmax.player) {\r\n\t\t\tbradmaxPlayerInit_69f39a131a7f4();\r\n\t\t} else {\r\n\t\t\twindow.addEventListener('load', bradmaxPlayerInit_69f39a131a7f4);\r\n\t\t}\r\n\t<\/script>\n","protected":false},"excerpt":{"rendered":"","protected":false},"author":1,"featured_media":0,"parent":0,"menu_order":0,"comment_status":"closed","ping_status":"closed","template":"","meta":[],"_links":{"self":[{"href":"http:\/\/archiv.szolnoktv.hu\/index.php?rest_route=\/wp\/v2\/pages\/33373"}],"collection":[{"href":"http:\/\/archiv.szolnoktv.hu\/index.php?rest_route=\/wp\/v2\/pages"}],"about":[{"href":"http:\/\/archiv.szolnoktv.hu\/index.php?rest_route=\/wp\/v2\/types\/page"}],"author":[{"embeddable":true,"href":"http:\/\/archiv.szolnoktv.hu\/index.php?rest_route=\/wp\/v2\/users\/1"}],"replies":[{"embeddable":true,"href":"http:\/\/archiv.szolnoktv.hu\/index.php?rest_route=%2Fwp%2Fv2%2Fcomments&post=33373"}],"version-history":[{"count":6,"href":"http:\/\/archiv.szolnoktv.hu\/index.php?rest_route=\/wp\/v2\/pages\/33373\/revisions"}],"predecessor-version":[{"id":33379,"href":"http:\/\/archiv.szolnoktv.hu\/index.php?rest_route=\/wp\/v2\/pages\/33373\/revisions\/33379"}],"wp:attachment":[{"href":"http:\/\/archiv.szolnoktv.hu\/index.php?rest_route=%2Fwp%2Fv2%2Fmedia&parent=33373"}],"curies":[{"name":"wp","href":"https:\/\/api.w.org\/{rel}","templated":true}]}}