{"id":11131,"date":"2021-08-17T08:05:56","date_gmt":"2021-08-17T08:05:56","guid":{"rendered":"http:\/\/archiv.szolnoktv.hu\/?page_id=11131"},"modified":"2021-08-17T08:22:45","modified_gmt":"2021-08-17T08:22:45","slug":"cookie-kezelesi-szabalyzat","status":"publish","type":"page","link":"http:\/\/archiv.szolnoktv.hu\/?page_id=11131","title":{"rendered":"Cookie kezel\u00e9si szab\u00e1lyzat"},"content":{"rendered":"<h2>Mik azok a cookie-k?<\/h2>\n<p>A s\u00fcti (eredeti nev\u00e9n \u201ccookie\u201d) egy olyan kis adatcsomag, amit az internetes szolg\u00e1ltat\u00e1sok a b\u00f6ng\u00e9sz\u0151ben t\u00e1rolnak el. Ez rengeteg webes szolg\u00e1ltat\u00e1s m\u0171k\u00f6d\u00e9s\u00e9hez elengedhetetlen technol\u00f3gia, amit 1995 \u00f3ta minden jelent\u0151sebb b\u00f6ng\u00e9sz\u0151 t\u00e1mogat.<\/p>\n<h2>Mi\u00e9rt j\u00f3 a felhaszn\u00e1l\u00f3nak?<\/h2>\n<p>Sz\u00e1mtalan internetes szolg\u00e1ltat\u00e1s haszn\u00e1lata \u00e9s \u00e9lm\u00e9nye m\u00falik a s\u00fctiken. Ennek seg\u00edts\u00e9g\u00e9vel tud p\u00e9ld\u00e1ul k\u00f6nnyen bejelentkezni egy jelsz\u00f3val v\u00e9dett fel\u00fcletre vagy \u00e9ppen szem\u00e9lyre szabott tartalmat el\u00e9rni a neten.<\/p>\n<h2>S\u00fctik (cookie-k) a Szolnok Telev\u00edzi\u00f3 Zrt. arch\u00edv weboldal\u00e1n.<\/h2>\n<p>Oldalaink min\u00e9l magasabb sz\u00ednvonal\u00fa m\u0171k\u00f6d\u00e9s\u00e9nek biztos\u00edt\u00e1sa \u00e9s a felhaszn\u00e1l\u00f3i \u00e9lm\u00e9ny n\u00f6vel\u00e9se \u00e9rdek\u00e9ben s\u00fctiket (\u201ecookie\u201d) haszn\u00e1lunk. A cookie-t sz\u00e1m\u00edt\u00f3g\u00e9p\u00e9r\u0151l b\u00e1rmikor t\u00f6r\u00f6lheti, illetve be\u00e1ll\u00edthatja b\u00f6ng\u00e9sz\u0151j\u00e9t \u00fagy, hogy a cookiek alkalmaz\u00e1s\u00e1t tiltsa. A cookiek alkalmaz\u00e1s\u00e1nak tilt\u00e1s\u00e1val azonban tudom\u00e1sul veszi, hogy cookie n\u00e9lk\u00fcl az oldal m\u0171k\u00f6d\u00e9se nem lesz teljes \u00e9rt\u00e9k\u0171. A cookiek alkalmaz\u00e1s\u00e1r\u00f3l t\u00e1j\u00e9koz\u00f3dhat az adatkezel\u00e9si szab\u00e1lyzataiban, amit <a tabindex=\"0\" data-toggle=\"adatvedelmi-modal\">ide kattintva<\/a> \u00e9rhet el.<\/p>\n<h2>Harmadik szem\u00e9lyek \u00e1ltal elhelyezett cookie-k<\/h2>\n<p>Oldalaink tartalmazhatnak olyan inform\u00e1ci\u00f3kat, amelyek olyan harmadik szem\u00e9lyekt\u0151l, rekl\u00e1mszolg\u00e1ltat\u00f3kt\u00f3l sz\u00e1rmaznak, akik nem \u00e1llnak kapcsolatban az Adatkezel\u0151vel. El\u0151fordulhat, hogy ezen harmadik szem\u00e9lyek is elhelyeznek cookie-kat, web beacon-okat a felhaszn\u00e1l\u00f3 sz\u00e1m\u00edt\u00f3g\u00e9p\u00e9n, vagy hasonl\u00f3 technol\u00f3gi\u00e1kat alkalmazva gy\u0171jtenek adatokat annak \u00e9rdek\u00e9ben, hogy a felhaszn\u00e1l\u00f3nak a saj\u00e1t szolg\u00e1ltat\u00e1saikkal \u00f6sszef\u00fcgg\u00e9sben c\u00edmzett rekl\u00e1m\u00fczenetet k\u00fcldjenek. Ilyen esetekben az adatkezel\u00e9sre az ezen harmadik szem\u00e9lyek \u00e1ltal meghat\u00e1rozott adatv\u00e9delmi el\u0151\u00edr\u00e1sok az ir\u00e1nyad\u00f3ak.<\/p>\n<h2>A s\u00fctikkel (cookie-k) kapcsolatos be\u00e1ll\u00edt\u00e1sok a b\u00f6ng\u00e9sz\u0151kben.<\/h2>\n<p>A s\u00fctik (coockie-k) haszn\u00e1lat\u00e1t manu\u00e1lisan is be\u00e1ll\u00edthatja minden felhaszn\u00e1l\u00f3. Minden felhelyezett s\u00fctit t\u00f6r\u00f6lni lehet illetve felhelyez\u00e9s\u00fcket megakad\u00e1lyozhatja a megfelel\u0151 be\u00e1ll\u00edt\u00e1sokkal. Ezeket a be\u00e1ll\u00edt\u00e1sokat az al\u00e1bbi b\u00f6ng\u00e9sz\u0151k eset\u00e9ben a megadott linken tal\u00e1lhat\u00f3 \u00fatmutat\u00e1s alapj\u00e1n \u00e1ll\u00edthatja be.<\/p>\n<p><b>Microsoft Internet Explorer<\/b><br \/>\n<a href=\"https:\/\/support.microsoft.com\/hu-hu\/help\/17442\/windows-internet-explorer-delete-manage-cookies\" target=\"_blank\" rel=\"noopener\">https:\/\/support.microsoft.com\/hu-hu\/help\/17442\/windows-internet-explorer-delete-manage-cookies<\/a><br \/>\n<b>Microsoft Egde<\/b><br \/>\n<a href=\"https:\/\/privacy.microsoft.com\/hu-hu\/windows-10-microsoft-edge-and-privacy\" target=\"_blank\" rel=\"noopener\">https:\/\/privacy.microsoft.com\/hu-hu\/windows-10-microsoft-edge-and-privacy<\/a><br \/>\n<b>Firefox\u00a0<\/b><br \/>\n<a href=\"https:\/\/support.mozilla.org\/hu\/kb\/sutik-engedelyezese-es-tiltasa-amit-weboldak-haszn\" target=\"_blank\" rel=\"noopener\">https:\/\/support.mozilla.org\/hu\/kb\/sutik-engedelyezese-es-tiltasa-amit-weboldak-haszn<\/a><br \/>\n<b>Chrome<\/b><br \/>\n<a href=\"https:\/\/support.google.com\/chrome\/answer\/95647?co=GENIE.Platform%%203DDesktop&amp;hl=hu\" target=\"_blank\" rel=\"noopener\">https:\/\/support.google.com\/chrome\/answer\/95647?co=GENIE.Platform%%203DDesktop&amp;hl=hu <\/a><br \/>\n<b>Safari<\/b><br \/>\n<a href=\"https:\/\/support.apple.com\/hu-hu\/guide\/safari\/sfri35610\/mac\" target=\"_blank\" rel=\"noopener\">https:\/\/support.apple.com\/hu-hu\/guide\/safari\/sfri35610\/mac<\/a><br \/>\n<b>IOS Safari<\/b><br \/>\n<a href=\"https:\/\/support.apple.com\/hu-hu\/HT201265\" target=\"_blank\" rel=\"noopener\">https:\/\/support.apple.com\/hu-hu\/HT201265<\/a><\/p>\n","protected":false},"excerpt":{"rendered":"<p>Mik azok a cookie-k? A s\u00fcti (eredeti nev\u00e9n \u201ccookie\u201d) egy olyan kis adatcsomag, amit az internetes szolg\u00e1ltat\u00e1sok a b\u00f6ng\u00e9sz\u0151ben t\u00e1rolnak el. Ez rengeteg webes szolg\u00e1ltat\u00e1s m\u0171k\u00f6d\u00e9s\u00e9hez elengedhetetlen technol\u00f3gia, amit 1995 \u00f3ta minden jelent\u0151sebb b\u00f6ng\u00e9sz\u0151 t\u00e1mogat. Mi\u00e9rt j\u00f3 a felhaszn\u00e1l\u00f3nak? Sz\u00e1mtalan internetes szolg\u00e1ltat\u00e1s haszn\u00e1lata \u00e9s \u00e9lm\u00e9nye m\u00falik a s\u00fctiken. Ennek seg\u00edts\u00e9g\u00e9vel tud p\u00e9ld\u00e1ul k\u00f6nnyen bejelentkezni egy [&hellip;]<\/p>\n","protected":false},"author":1,"featured_media":0,"parent":0,"menu_order":0,"comment_status":"closed","ping_status":"closed","template":"","meta":[],"_links":{"self":[{"href":"http:\/\/archiv.szolnoktv.hu\/index.php?rest_route=\/wp\/v2\/pages\/11131"}],"collection":[{"href":"http:\/\/archiv.szolnoktv.hu\/index.php?rest_route=\/wp\/v2\/pages"}],"about":[{"href":"http:\/\/archiv.szolnoktv.hu\/index.php?rest_route=\/wp\/v2\/types\/page"}],"author":[{"embeddable":true,"href":"http:\/\/archiv.szolnoktv.hu\/index.php?rest_route=\/wp\/v2\/users\/1"}],"replies":[{"embeddable":true,"href":"http:\/\/archiv.szolnoktv.hu\/index.php?rest_route=%2Fwp%2Fv2%2Fcomments&post=11131"}],"version-history":[{"count":2,"href":"http:\/\/archiv.szolnoktv.hu\/index.php?rest_route=\/wp\/v2\/pages\/11131\/revisions"}],"predecessor-version":[{"id":11133,"href":"http:\/\/archiv.szolnoktv.hu\/index.php?rest_route=\/wp\/v2\/pages\/11131\/revisions\/11133"}],"wp:attachment":[{"href":"http:\/\/archiv.szolnoktv.hu\/index.php?rest_route=%2Fwp%2Fv2%2Fmedia&parent=11131"}],"curies":[{"name":"wp","href":"https:\/\/api.w.org\/{rel}","templated":true}]}}